{"id":441,"date":"2025-02-06T15:58:27","date_gmt":"2025-02-06T13:58:27","guid":{"rendered":"https:\/\/junekamontaza.lv\/?page_id=441"},"modified":"2025-10-08T17:47:57","modified_gmt":"2025-10-08T14:47:57","slug":"kontakti","status":"publish","type":"page","link":"https:\/\/junekamontaza.lv\/ru\/kontakti\/","title":{"rendered":"\u041a\u043e\u043d\u0442\u0430\u043a\u0442\u044b"},"content":{"rendered":"<section class=\"vc_row liquid-row-shadowbox-69ff37f57297d vc_column-gap-0\"><div class=\"ld-container container-fluid\"><div class=\"row ld-row ld-row-outer vc_row-o-equal-height vc_row-o-content-middle vc_row-flex\"><div class=\"wpb_column vc_column_container vc_col-sm-6 vc_hidden-sm vc_hidden-xs liquid-column-69ff37f572f66\"><div class=\"vc_column-inner\" ><div class=\"wpb_wrapper\"  ><style>.ld_google_map_69ff37f57303d .lqd-custom-map-marker, .lqd-custom-map-marker div{background-color:#ee3650;}<\/style><div class=\"ld-gmap-container ld_google_map_69ff37f57303d\" id=\"ld_google_map_69ff37f57303d\" style=\"height: 740px\">\n\n\t<div class=\"ld-gmap\" data-plugin-map=\"true\" data-plugin-options='{\"style\":\"classic\",\"address\":\"Gan\\u012bbu iela 82C, Jelgava, LV-3001\",\"marker\":\"https:\\\/\\\/junekamontaza.lv\\\/wp-content\\\/plugins\\\/hub-core\\\/assets\\\/img\\\/markers\\\/map-pin.svg\",\"markers\":null,\"map\":{\"zoom\":14,\"mapTypeId\":\"roadmap\",\"fullscreenControl\":true},\"marker_style\":\"html\"}'><\/div>\n\n<\/div><\/div><\/div><\/div><div class=\"wpb_column vc_column_container vc_col-sm-6 liquid-column-69ff37f573c9d lqd-column-top-ontablet lqd-column-top-onmobile\"><div class=\"vc_column-inner  vc_custom_1739259191903\" ><div class=\"wpb_wrapper\"  ><style>.ld_fancy_heading_69ff37f573df4 h3 {font-weight:600; } .ld_fancy_heading_69ff37f573df4 h3 {margin-bottom:2em !important;  } @media (min-width: 992px) { .ld_fancy_heading_69ff37f573df4 h3 {margin-right:8vw !important; margin-left:2vw !important;  }  } .ld_fancy_heading_69ff37f573df4 .lqd-highlight-inner{height:0.275em!important;bottom:0px!important;}.ld_fancy_heading_69ff37f573df4 h3 {font-weight:600; } .ld_fancy_heading_69ff37f573df4 h3 {margin-bottom:2em !important;  } @media (min-width: 992px) { .ld_fancy_heading_69ff37f573df4 h3 {margin-right:8vw !important; margin-left:2vw !important;  }  } <\/style><div class=\"ld-fancy-heading ld_fancy_heading_69ff37f573df4\">\n\t<h3 class=\"ld-fh-element lqd-highlight-underline lqd-highlight-grow-left text-decoration-default\"   >  \u0414\u043b\u044f \u0443\u0434\u043e\u0431\u0441\u0442\u0432\u0430 \u0441\u0432\u044f\u0437\u0438 \u0440\u0435\u043a\u043e\u043c\u0435\u043d\u0434\u0443\u0435\u043c \u0438\u0441\u043f\u043e\u043b\u044c\u0437\u043e\u0432\u0430\u0442\u044c \u043a\u043e\u043d\u0442\u0430\u043a\u0442\u043d\u0443\u044e \u0444\u043e\u0440\u043c\u0443.<\/h3><\/div><style>.ld_cf7_69ff37f574711 input,.ld_cf7_69ff37f574711 textarea,.ld_cf7_69ff37f574711 .ui-button.ui-selectmenu-button{font-size:14px;font-weight:400;}.ld_cf7_69ff37f574711 input[type=\"submit\"]{background:#39375b;color:rgb(255, 255, 255);border-color:#39375b;}.ld_cf7_69ff37f574711 input, .ld_cf7_69ff37f574711 select, .ld_cf7_69ff37f574711 textarea, .ld_cf7_69ff37f574711 .ui-button.ui-selectmenu-button{background:rgb(255, 255, 255);}.ld_cf7_69ff37f574711 input, .ld_cf7_69ff37f574711 select, .ld_cf7_69ff37f574711 textarea, .ld_cf7_69ff37f574711 .ui-button.ui-selectmenu-button, .ld_cf7_69ff37f574711 .wpcf7-form-control-wrap > i, .ld_cf7_69ff37f574711 .wpcf7-radio{color:#39375b;}.ld_cf7_69ff37f574711 input[type=\"submit\"]:focus,.ld_cf7_69ff37f574711 input[type=\"submit\"]:hover{background:#ee3650;}.ld_cf7_69ff37f574711 input[type=\"submit\"]:hover{color:rgb(255, 255, 255);border-color:#ee3650;}.ld_cf7_69ff37f574711 .wpcf7-form-control-wrap{margin-bottom:20px;}<\/style><div id=\"ld_cf7_69ff37f574711\" class=\"lqd-contact-form lqd-contact-form-inputs-filled lqd-contact-form-inputs-circle lqd-contact-form-button-md lqd-contact-form-button-circle ld_cf7_69ff37f574711 vc_custom_1738850895723\">\n\t\n<div class=\"wpcf7 no-js\" id=\"wpcf7-f447-o1\" lang=\"en-US\" dir=\"ltr\" data-wpcf7-id=\"447\">\n<div class=\"screen-reader-response\"><p role=\"status\" aria-live=\"polite\" aria-atomic=\"true\"><\/p> <ul><\/ul><\/div>\n<form action=\"\/ru\/wp-json\/wp\/v2\/pages\/441#wpcf7-f447-o1\" method=\"post\" class=\"wpcf7-form init\" aria-label=\"Contact form\" novalidate=\"novalidate\" data-status=\"init\" data-trp-original-action=\"\/ru\/wp-json\/wp\/v2\/pages\/441#wpcf7-f447-o1\">\n<fieldset class=\"hidden-fields-container\"><input type=\"hidden\" name=\"_wpcf7\" value=\"447\" \/><input type=\"hidden\" name=\"_wpcf7_version\" value=\"6.1.3\" \/><input type=\"hidden\" name=\"_wpcf7_locale\" value=\"en_US\" \/><input type=\"hidden\" name=\"_wpcf7_unit_tag\" value=\"wpcf7-f447-o1\" \/><input type=\"hidden\" name=\"_wpcf7_container_post\" value=\"0\" \/><input type=\"hidden\" name=\"_wpcf7_posted_data_hash\" value=\"\" \/>\n<\/fieldset>\n<div class=\"row\">\n\t<div class=\"col-md-12\">\n\t\t<p><span class=\"wpcf7-form-control-wrap\" data-name=\"your-subject\"><select class=\"wpcf7-form-control wpcf7-select wpcf7-validates-as-required\" aria-required=\"true\" aria-invalid=\"false\" name=\"your-subject\"><option value=\"\">\u0427\u0435\u043c \u043c\u044b \u043c\u043e\u0436\u0435\u043c \u0432\u0430\u043c \u043f\u043e\u043c\u043e\u0447\u044c?<\/option><option value=\"Jauns projekts\">\u041d\u043e\u0432\u044b\u0439 \u043f\u0440\u043e\u0435\u043a\u0442<\/option><option value=\"Pieteikt pakalpojumu\">\u041f\u043e\u0434\u0430\u0442\u044c \u0437\u0430\u044f\u0432\u043a\u0443<\/option><option value=\"Apkope\">\u041e\u0431\u0441\u043b\u0443\u0436\u0438\u0432\u0430\u043d\u0438\u0435<\/option><option value=\"Cits\">\u0414\u0440\u0443\u0433\u043e\u0439<\/option><\/select><\/span>\n\t\t<\/p>\n\t<\/div>\n\t<div class=\"col-md-12\">\n\t\t<p><span class=\"wpcf7-form-control-wrap\" data-name=\"full-name\"><input size=\"40\" maxlength=\"400\" class=\"wpcf7-form-control wpcf7-text wpcf7-validates-as-required\" aria-required=\"true\" aria-invalid=\"false\" placeholder=\"\u0412\u0430\u0448\u0435 \u0438\u043c\u044f\" value=\"\" type=\"text\" name=\"full-name\" \/><\/span><i class=\"lqd-icn-ess icon-lqd-user\"><\/i>\n\t\t<\/p>\n\t<\/div>\n\t<div class=\"col-md-6\">\n\t\t<p><span class=\"wpcf7-form-control-wrap\" data-name=\"your-email\"><input size=\"40\" maxlength=\"400\" class=\"wpcf7-form-control wpcf7-email wpcf7-validates-as-required wpcf7-text wpcf7-validates-as-email\" aria-required=\"true\" aria-invalid=\"false\" placeholder=\"\u042d\u043b. \u043f\u043e\u0447\u0442\u0430\" value=\"\" type=\"email\" name=\"your-email\" \/><\/span><i class=\"lqd-icn-ess icon-lqd-envelope\"><\/i>\n\t\t<\/p>\n\t<\/div>\n\t<div class=\"col-md-6\">\n\t\t<p><span class=\"wpcf7-form-control-wrap\" data-name=\"your-telephone\"><input size=\"40\" maxlength=\"400\" class=\"wpcf7-form-control wpcf7-tel wpcf7-text wpcf7-validates-as-tel\" aria-invalid=\"false\" placeholder=\"\u0422\u0435\u043b\u0435\u0444\u043e\u043d\" value=\"\" type=\"tel\" name=\"your-telephone\" \/><\/span><i class=\"lqd-icn-ess icon-speech-bubble\"><\/i>\n\t\t<\/p>\n\t<\/div>\n\t<div class=\"col-md-12\">\n\t\t<p><span class=\"wpcf7-form-control-wrap\" data-name=\"your-message\"><textarea cols=\"10\" rows=\"4\" maxlength=\"2000\" class=\"wpcf7-form-control wpcf7-textarea wpcf7-validates-as-required\" aria-required=\"true\" aria-invalid=\"false\" placeholder=\"\u0412\u0430\u0448\u0435 \u0441\u043e\u043e\u0431\u0449\u0435\u043d\u0438\u0435\" name=\"your-message\"><\/textarea><\/span>\n\t\t<\/p>\n\t<\/div>\n\t<div class=\"col-md-12\">\n\t\t<p><span class=\"wpcf7-form-control-wrap\" data-name=\"acceptance-89\"><span class=\"wpcf7-form-control wpcf7-acceptance\"><span class=\"wpcf7-list-item\"><label><input type=\"checkbox\" name=\"acceptance-89\" value=\"1\" checked=\"checked\" aria-invalid=\"false\" \/><span class=\"wpcf7-list-item-label\"><span>\u041e\u0441\u0442\u0430\u0432\u043b\u044f\u044f \u043e\u0442\u043c\u0435\u0447\u0435\u043d\u043d\u044b\u043c \u044d\u0442\u043e\u0442 \u0444\u043b\u0430\u0436\u043e\u043a, \u0432\u044b \u0441\u043e\u0433\u043b\u0430\u0448\u0430\u0435\u0442\u0435\u0441\u044c \u0441 \u043d\u0430\u0448\u0435\u0439 <a href=\"https:\/\/junekamontaza.lv\/ru\/privatuma-politika\/\" target=\"_blank\" style=\"color:#ee3650\">\u043f\u043e\u043b\u0438\u0442\u0438\u043a\u043e\u0439 \u043a\u043e\u043d\u0444\u0438\u0434\u0435\u043d\u0446\u0438\u0430\u043b\u044c\u043d\u043e\u0441\u0442\u0438<\/a>\u0434\u043b\u044f \u0441\u0432\u044f\u0437\u0438 \u0441 \u0432\u0430\u043c\u0438.<\/span><\/span><\/label><\/span><\/span><\/span>\n\t\t<\/p>\n\t<\/div>\n\t<div class=\"col-md-12\">\n\t\t<p><input class=\"wpcf7-form-control wpcf7-submit has-spinner\" type=\"submit\" value=\"\u041e\u0422\u041f\u0420\u0410\u0412\u0418\u0422\u042c\" \/>\n\t\t<\/p>\n\t<\/div>\n<\/div><div class=\"wpcf7-response-output\" aria-hidden=\"true\"><\/div>\n<input type=\"hidden\" name=\"trp-form-language\" value=\"ru\"\/><\/form>\n<\/div>\n<\/div><\/div><\/div><\/div><\/div><\/div><\/section><style>@media (min-width: 992px) { .liquid-row-responsive-69ff37f5764b5 {padding-top:100px !important; padding-bottom:100px !important;  }  }    <\/style><section id=\"rekviziti\" data-row-bg=\"https:\/\/junekamontaza.lv\/wp-content\/uploads\/2025\/02\/2.jpg?id=660\" data-bg-image=\"url\" class=\"vc_row vc_custom_1740133400823 liquid-row-responsive-69ff37f5764b5 liquid-row-shadowbox-69ff37f5764cf vc_row-has-fill vc_row-has-bg lqd-has-bg-markup row-bg-appended\"><span class=\"row-bg-loader\"><\/span><div class=\"row-bg-wrap\">\n\t\t<div class=\"row-bg-inner\">\n\t\t\t<figure class=\"row-bg\" ><\/figure>\n\t\t<\/div>\n\t<\/div><div class=\"liquid-row-overlay\" style=\"background:rgba(0, 0, 0, 0.6)\"><\/div><div class=\"ld-container container\"><div class=\"row ld-row ld-row-outer\"><div class=\"wpb_column vc_column_container vc_col-sm-12 vc_col-md-offset-6 vc_col-md-6 text-center liquid-column-69ff37f576899\"><div class=\"vc_column-inner\" ><div class=\"wpb_wrapper\"  data-custom-animations=\"true\" data-ca-options='{\"triggerHandler\":\"inview\",\"animationTarget\":\"all-childs\",\"duration\":\"1800\",\"delay\":\"180\",\"ease\":\"power4.out\",\"direction\":\"forward\",\"initValues\":{\"y\":35,\"transformOriginX\":50,\"transformOriginY\":50,\"transformOriginZ\":\"0px\",\"opacity\":0},\"animations\":{\"y\":0,\"transformOriginX\":50,\"transformOriginY\":50,\"transformOriginZ\":\"0px\",\"opacity\":1}}'><style>.ld_fancy_heading_69ff37f5769a3 h2{color:rgb(255, 255, 255);}.ld_fancy_heading_69ff37f5769a3 h2 {margin-bottom:1.5em !important;  } .ld_fancy_heading_69ff37f5769a3 .lqd-highlight-inner{height:0.275em!important;bottom:0px!important;}.ld_fancy_heading_69ff37f5769a3 h2 {margin-bottom:1.5em !important;  } <\/style><div class=\"ld-fancy-heading ld_fancy_heading_69ff37f5769a3\">\n\t<h2 class=\"ld-fh-element lqd-highlight-underline lqd-highlight-grow-left text-decoration-default\"   >  \u041d\u0430\u0448\u0438 \u0440\u0435\u043a\u0432\u0438\u0437\u0438\u0442\u044b<\/h2><\/div><\/div><\/div><\/div><div class=\"wpb_column vc_column_container vc_col-sm-12 liquid-column-69ff37f577c2b\"><div class=\"vc_column-inner\" ><div class=\"wpb_wrapper\"  ><div class=\"vc_row vc_inner vc_row-fluid liquid-row-shadowbox-69ff37f577e73\"><div class=\"ld-container container\"><div class=\"row ld-row ld-row-inner\"><div class=\"wpb_column vc_column_container vc_col-sm-6 liquid-column-69ff37f578198\"><div class=\"vc_column-inner\" ><div class=\"wpb_wrapper\" ><\/div><\/div><\/div><style>@media (min-width: 992px) { .liquid-column-responsive-69ff37f578419 > .vc_column-inner {margin-top:0px !important;  }  } .liquid-column-69ff37f578417 > .vc_column-inner { box-shadow:0px 10px 40px 0px rgba(0, 0, 0, 0.1)}<\/style><div class=\"wpb_column vc_column_container vc_col-sm-6 vc_col-md-offset-1 vc_col-md-4 liquid-column-69ff37f578417 liquid-column-responsive-69ff37f578419 vc_col-has-fill\"><div class=\"vc_column-inner vc_custom_1694172900227\" ><div class=\"wpb_wrapper\" ><style>.ld_icon_box_69ff37f578567 .iconbox-icon-container{color:#ee3650;font-size:18px;margin-inline-end:20px !important;border-radius:px;}.ld_icon_box_69ff37f578567 .lqd-iconbox-title{margin-bottom:px;font-size:16px;}<\/style>\n<div class=\"iconbox iconbox-inline text-left ld_icon_box_69ff37f578567\" id=\"ld_icon_box_69ff37f578567\"  data-animate-icon=\"true\" data-plugin-options='{\"color\":\"#ee3650\"}'  >\n\t\n\t\t\t\t\t\n\t\n\t<div class=\"iconbox-icon-wrap\"><span class=\"iconbox-icon-container\"><i class=\"far fa-building\"><\/i><\/span><\/div>\t\n\t<h3 class=\"lqd-iconbox-title h4font-weight-normal\">SIA \"JUNEKA MONT\u0100\u017dA\"<\/h3>\t\n\t\t\n\t\t\n\t\t\t\t\n\t\t\n\t\n<\/div>\n<style>.ld_icon_box_69ff37f578e78 .iconbox-icon-container{color:#ee3650;font-size:18px;margin-inline-end:20px !important;border-radius:px;}.ld_icon_box_69ff37f578e78 .lqd-iconbox-title{margin-bottom:px;font-size:16px;}<\/style>\n<div class=\"iconbox iconbox-inline text-left ld_icon_box_69ff37f578e78\" id=\"ld_icon_box_69ff37f578e78\"  data-animate-icon=\"true\" data-plugin-options='{\"color\":\"#ee3650\"}'  >\n\t\n\t\t\t\t\t\n\t\n\t<div class=\"iconbox-icon-wrap\"><span class=\"iconbox-icon-container\"><i class=\"far fa-registered\"><\/i><\/span><\/div>\t\n\t<h3 class=\"lqd-iconbox-title h4font-weight-normal\">Re\u0123. nr. 53603017701<\/h3>\t\n\t\t\n\t\t\n\t\t\t\t\n\t\t\n\t<a href=\"https:\/\/www.firmas.lv\/lv\/uznemumi\/juneka-montaza\/53603017701\" target=\"_blank\" class=\"liquid-overlay-link z-index-2\"><\/a>\n<\/div>\n<style>.ld_icon_box_69ff37f5798c3 .iconbox-icon-container{color:#ee3650;font-size:18px;margin-inline-end:20px !important;border-radius:px;}.ld_icon_box_69ff37f5798c3 .lqd-iconbox-title{margin-bottom:px;font-size:16px;}<\/style>\n<div class=\"iconbox iconbox-inline text-left ld_icon_box_69ff37f5798c3\" id=\"ld_icon_box_69ff37f5798c3\"  data-animate-icon=\"true\" data-plugin-options='{\"color\":\"#ee3650\"}'  >\n\t\n\t\t\t\t\t\n\t\n\t<div class=\"iconbox-icon-wrap\"><span class=\"iconbox-icon-container\"><i class=\"far fa-envelope\"><\/i><\/span><\/div>\t\n\t<h3 class=\"lqd-iconbox-title h4font-weight-normal\">info@junekamontaza.lv<\/h3>\t\n\t\t\n\t\t\n\t\t\t\t\n\t\t\n\t<a href=\"mailto:info@junekamontaza.lv\" target=\"_blank\" class=\"liquid-overlay-link z-index-2\"><\/a>\n<\/div>\n<style>.ld_icon_box_69ff37f579cfc .iconbox-icon-container{color:#ee3650;font-size:18px;margin-inline-end:20px !important;border-radius:px;}.ld_icon_box_69ff37f579cfc .lqd-iconbox-title{margin-bottom:px;font-size:16px;}<\/style>\n<div class=\"iconbox iconbox-inline text-left ld_icon_box_69ff37f579cfc\" id=\"ld_icon_box_69ff37f579cfc\"  data-animate-icon=\"true\" data-plugin-options='{\"color\":\"#ee3650\"}'  >\n\t\n\t\t\t\t\t\n\t\n\t<div class=\"iconbox-icon-wrap\"><span class=\"iconbox-icon-container\"><i class=\"fas fa-mobile-alt\"><\/i><\/span><\/div>\t\n\t<h3 class=\"lqd-iconbox-title h4font-weight-normal\">+371 29 232 750<\/h3>\t\n\t\t\n\t\t\n\t\t\t\t\n\t\t\n\t<a href=\"tel:+37129345464\" target=\"_blank\" class=\"liquid-overlay-link z-index-2\"><\/a>\n<\/div>\n<style>.ld_icon_box_69ff37f579eb8 .iconbox-icon-container{color:#ee3650;font-size:18px;margin-inline-end:20px !important;border-radius:px;}.ld_icon_box_69ff37f579eb8 .lqd-iconbox-title{margin-bottom:px;font-size:16px;}<\/style>\n<div class=\"iconbox iconbox-inline text-left ld_icon_box_69ff37f579eb8\" id=\"ld_icon_box_69ff37f579eb8\"  data-animate-icon=\"true\" data-plugin-options='{\"color\":\"#ee3650\"}'  >\n\t\n\t\t\t\t\t\n\t\n\t<div class=\"iconbox-icon-wrap\"><span class=\"iconbox-icon-container\"><i class=\"fas fa-map-marker-alt\"><\/i><\/span><\/div>\t\n\t<h3 class=\"lqd-iconbox-title h4font-weight-normal\">Dzirnavu iela 132-20, R\u012bga, LV-1050<\/h3>\t\n\t\t\n\t\t\n\t\t\t\t\n\t\t\n\t\n<\/div>\n<\/div><\/div><\/div><\/div><\/div><\/div><\/div><\/div><\/div><\/div><\/div><\/section>","protected":false},"excerpt":{"rendered":"\u0112rt\u0101kai sazi\u0146ai aicin\u0101m izmantot kontaktu formu K\u0101 varam Jums pal\u012bdz\u0113t?Jauns projektsPieteikt pakalpojumuApkopeCits Atst\u0101jot atz\u012bm\u0113tu lodzi\u0146u, J\u016bs piekr\u012btat m\u016bsu priv\u0101tuma politikai, lai ar Jums sazin\u0101tos. M\u016bsu rekviz\u012bti SIA \"JUNEKA MONT\u0100\u017dA\" Re\u0123. nr. 53603017701 info@junekamontaza.lv +371 29 232 750 Dzirnavu iela 132-20, R\u012bga, LV-1050","protected":false},"author":1,"featured_media":0,"parent":0,"menu_order":0,"comment_status":"closed","ping_status":"closed","template":"","meta":{"footnotes":""},"class_list":["post-441","page","type-page","status-publish","hentry"],"yoast_head":"<!-- This site is optimized with the Yoast SEO plugin v26.3 - https:\/\/yoast.com\/wordpress\/plugins\/seo\/ -->\n<title>Kontakti - Juneka Mont\u0101\u017ea<\/title>\n<meta name=\"robots\" content=\"index, follow, max-snippet:-1, max-image-preview:large, max-video-preview:-1\" \/>\n<link rel=\"canonical\" href=\"https:\/\/junekamontaza.lv\/ru\/kontakti\/\" \/>\n<meta property=\"og:locale\" content=\"ru_RU\" \/>\n<meta property=\"og:type\" content=\"article\" \/>\n<meta property=\"og:title\" content=\"Kontakti - Juneka Mont\u0101\u017ea\" \/>\n<meta property=\"og:url\" content=\"https:\/\/junekamontaza.lv\/ru\/kontakti\/\" \/>\n<meta property=\"og:site_name\" content=\"Juneka Mont\u0101\u017ea\" \/>\n<meta property=\"article:modified_time\" content=\"2025-10-08T14:47:57+00:00\" \/>\n<meta name=\"twitter:card\" content=\"summary_large_image\" \/>\n<meta name=\"twitter:label1\" content=\"\u041f\u0440\u0438\u043c\u0435\u0440\u043d\u043e\u0435 \u0432\u0440\u0435\u043c\u044f \u0434\u043b\u044f \u0447\u0442\u0435\u043d\u0438\u044f\" \/>\n\t<meta name=\"twitter:data1\" content=\"2 \u043c\u0438\u043d\u0443\u0442\u044b\" \/>\n<script type=\"application\/ld+json\" class=\"yoast-schema-graph\">{\"@context\":\"https:\/\/schema.org\",\"@graph\":[{\"@type\":\"WebPage\",\"@id\":\"https:\/\/junekamontaza.lv\/kontakti\/\",\"url\":\"https:\/\/junekamontaza.lv\/kontakti\/\",\"name\":\"Kontakti - Juneka Mont\u0101\u017ea\",\"isPartOf\":{\"@id\":\"https:\/\/junekamontaza.lv\/#website\"},\"datePublished\":\"2025-02-06T13:58:27+00:00\",\"dateModified\":\"2025-10-08T14:47:57+00:00\",\"breadcrumb\":{\"@id\":\"https:\/\/junekamontaza.lv\/kontakti\/#breadcrumb\"},\"inLanguage\":\"ru-RU\",\"potentialAction\":[{\"@type\":\"ReadAction\",\"target\":[\"https:\/\/junekamontaza.lv\/kontakti\/\"]}]},{\"@type\":\"BreadcrumbList\",\"@id\":\"https:\/\/junekamontaza.lv\/kontakti\/#breadcrumb\",\"itemListElement\":[{\"@type\":\"ListItem\",\"position\":1,\"name\":\"Home\",\"item\":\"https:\/\/junekamontaza.lv\/\"},{\"@type\":\"ListItem\",\"position\":2,\"name\":\"Kontakti\"}]},{\"@type\":\"WebSite\",\"@id\":\"https:\/\/junekamontaza.lv\/#website\",\"url\":\"https:\/\/junekamontaza.lv\/\",\"name\":\"Juneka Mont\u0101\u017ea\",\"description\":\"Inovat\u012bvi un prec\u012bzi in\u017eeniertehniskie risin\u0101jumi\",\"potentialAction\":[{\"@type\":\"SearchAction\",\"target\":{\"@type\":\"EntryPoint\",\"urlTemplate\":\"https:\/\/junekamontaza.lv\/?s={search_term_string}\"},\"query-input\":{\"@type\":\"PropertyValueSpecification\",\"valueRequired\":true,\"valueName\":\"search_term_string\"}}],\"inLanguage\":\"ru-RU\"}]}<\/script>\n<!-- \/ Yoast SEO plugin. -->","yoast_head_json":{"title":"Kontakti - Juneka Mont\u0101\u017ea","robots":{"index":"index","follow":"follow","max-snippet":"max-snippet:-1","max-image-preview":"max-image-preview:large","max-video-preview":"max-video-preview:-1"},"canonical":"https:\/\/junekamontaza.lv\/ru\/kontakti\/","og_locale":"ru_RU","og_type":"article","og_title":"Kontakti - Juneka Mont\u0101\u017ea","og_url":"https:\/\/junekamontaza.lv\/ru\/kontakti\/","og_site_name":"Juneka Mont\u0101\u017ea","article_modified_time":"2025-10-08T14:47:57+00:00","twitter_card":"summary_large_image","twitter_misc":{"\u041f\u0440\u0438\u043c\u0435\u0440\u043d\u043e\u0435 \u0432\u0440\u0435\u043c\u044f \u0434\u043b\u044f \u0447\u0442\u0435\u043d\u0438\u044f":"2 \u043c\u0438\u043d\u0443\u0442\u044b"},"schema":{"@context":"https:\/\/schema.org","@graph":[{"@type":"WebPage","@id":"https:\/\/junekamontaza.lv\/kontakti\/","url":"https:\/\/junekamontaza.lv\/kontakti\/","name":"Kontakti - Juneka Mont\u0101\u017ea","isPartOf":{"@id":"https:\/\/junekamontaza.lv\/#website"},"datePublished":"2025-02-06T13:58:27+00:00","dateModified":"2025-10-08T14:47:57+00:00","breadcrumb":{"@id":"https:\/\/junekamontaza.lv\/kontakti\/#breadcrumb"},"inLanguage":"ru-RU","potentialAction":[{"@type":"ReadAction","target":["https:\/\/junekamontaza.lv\/kontakti\/"]}]},{"@type":"BreadcrumbList","@id":"https:\/\/junekamontaza.lv\/kontakti\/#breadcrumb","itemListElement":[{"@type":"ListItem","position":1,"name":"Home","item":"https:\/\/junekamontaza.lv\/"},{"@type":"ListItem","position":2,"name":"Kontakti"}]},{"@type":"WebSite","@id":"https:\/\/junekamontaza.lv\/#website","url":"https:\/\/junekamontaza.lv\/","name":"Juneka Mont\u0101\u017ea","description":"\u0418\u043d\u043d\u043e\u0432\u0430\u0446\u0438\u043e\u043d\u043d\u044b\u0435 \u0438 \u0442\u043e\u0447\u043d\u044b\u0435 \u0438\u043d\u0436\u0435\u043d\u0435\u0440\u043d\u044b\u0435 \u0440\u0435\u0448\u0435\u043d\u0438\u044f","potentialAction":[{"@type":"SearchAction","target":{"@type":"EntryPoint","urlTemplate":"https:\/\/junekamontaza.lv\/?s={search_term_string}"},"query-input":{"@type":"PropertyValueSpecification","valueRequired":true,"valueName":"search_term_string"}}],"inLanguage":"ru-RU"}]}},"_links":{"self":[{"href":"https:\/\/junekamontaza.lv\/ru\/wp-json\/wp\/v2\/pages\/441","targetHints":{"allow":["GET"]}}],"collection":[{"href":"https:\/\/junekamontaza.lv\/ru\/wp-json\/wp\/v2\/pages"}],"about":[{"href":"https:\/\/junekamontaza.lv\/ru\/wp-json\/wp\/v2\/types\/page"}],"author":[{"embeddable":true,"href":"https:\/\/junekamontaza.lv\/ru\/wp-json\/wp\/v2\/users\/1"}],"replies":[{"embeddable":true,"href":"https:\/\/junekamontaza.lv\/ru\/wp-json\/wp\/v2\/comments?post=441"}],"version-history":[{"count":27,"href":"https:\/\/junekamontaza.lv\/ru\/wp-json\/wp\/v2\/pages\/441\/revisions"}],"predecessor-version":[{"id":864,"href":"https:\/\/junekamontaza.lv\/ru\/wp-json\/wp\/v2\/pages\/441\/revisions\/864"}],"wp:attachment":[{"href":"https:\/\/junekamontaza.lv\/ru\/wp-json\/wp\/v2\/media?parent=441"}],"curies":[{"name":"wp","href":"https:\/\/api.w.org\/{rel}","templated":true}]}}