{"id":3,"date":"2025-01-29T15:59:17","date_gmt":"2025-01-29T15:59:17","guid":{"rendered":"https:\/\/www.junekamontaza.lv\/?page_id=3"},"modified":"2025-02-21T12:49:35","modified_gmt":"2025-02-21T10:49:35","slug":"privatuma-politika","status":"publish","type":"page","link":"https:\/\/junekamontaza.lv\/ru\/privatuma-politika\/","title":{"rendered":"\u041f\u043e\u043b\u0438\u0442\u0438\u043a\u0430 \u043a\u043e\u043d\u0444\u0438\u0434\u0435\u043d\u0446\u0438\u0430\u043b\u044c\u043d\u043e\u0441\u0442\u0438"},"content":{"rendered":"<section class=\"vc_row vc_custom_1740134002839 liquid-row-shadowbox-69df257b18325\"><div class=\"ld-container container\"><div class=\"row ld-row ld-row-outer\"><div class=\"wpb_column vc_column_container vc_col-sm-12 vc_col-md-offset-2 vc_col-md-8 liquid-column-69df257b18cfe\"><div class=\"vc_column-inner\" ><div class=\"wpb_wrapper\"  ><style>.ld_fancy_heading_69df257b18ee6 h2 {font-weight:600; } .ld_fancy_heading_69df257b18ee6 h2 {margin-bottom:1.2em !important;  } .ld_fancy_heading_69df257b18ee6 .lqd-highlight-inner{height:0.275em!important;bottom:0px!important;}.ld_fancy_heading_69df257b18ee6 h2 {font-weight:600; } .ld_fancy_heading_69df257b18ee6 h2 {margin-bottom:1.2em !important;  } <\/style><div class=\"ld-fancy-heading text-center ld_fancy_heading_69df257b18ee6\">\n\t<h2 class=\"ld-fh-element lqd-highlight-underline lqd-highlight-grow-left text-decoration-default\"   >  \u041f\u043e\u043b\u0438\u0442\u0438\u043a\u0430 \u043a\u043e\u043d\u0444\u0438\u0434\u0435\u043d\u0446\u0438\u0430\u043b\u044c\u043d\u043e\u0441\u0442\u0438<\/h2><\/div><style>.ld_fancy_heading_69df257b19370 p {margin-bottom:1.5em !important;  } .ld_fancy_heading_69df257b19370 .lqd-highlight-inner{height:0.275em!important;bottom:0px!important;}.ld_fancy_heading_69df257b19370 p {margin-bottom:1.5em !important;  } <\/style><div class=\"ld-fancy-heading ld_fancy_heading_69df257b19370\">\n\t<p class=\"ld-fh-element lqd-highlight-underline lqd-highlight-grow-left text-decoration-default\"   >  SIA &#8220;Juneka Mont\u0101\u017ea&#8221; augstu v\u0113rt\u0113 j\u016bsu priv\u0101tumu un ir ap\u0146\u0113mies aizsarg\u0101t j\u016bsu sniegto personas datu inform\u0101ciju. \u0160\u012b Priv\u0101tuma politika izskaidro, k\u0101 m\u0113s v\u0101cam, izmantojam un aizsarg\u0101jam j\u016bsu datus, kad apmekl\u0113jat m\u016bsu vietni vai izmantojat m\u016bsu pakalpojumus.<\/p><\/div><style>.ld_fancy_heading_69df257b195d7 h3 {font-weight:600; } .ld_fancy_heading_69df257b195d7 .lqd-highlight-inner{height:0.275em!important;bottom:0px!important;}.ld_fancy_heading_69df257b195d7 h3 {font-weight:600; } <\/style><div class=\"ld-fancy-heading ld_fancy_heading_69df257b195d7\">\n\t<h3 class=\"ld-fh-element lqd-highlight-underline lqd-highlight-grow-left text-decoration-default\"   >  1. Inform\u0101cija, ko m\u0113s apstr\u0101d\u0101jam<\/h3><\/div><style>.ld_fancy_heading_69df257b19827 .lqd-highlight-inner{height:0.275em!important;bottom:0px!important;}<\/style><div class=\"ld-fancy-heading ld_fancy_heading_69df257b19827\">\n\t<p class=\"ld-fh-element lqd-highlight-underline lqd-highlight-grow-left text-decoration-default\"   >  M\u0113s varam apkopot \u0161\u0101dus inform\u0101cijas veidus:<\/p>\n<p><strong>Personas inform\u0101cija:<\/strong> Tas ietver j\u016bsu v\u0101rdu, uz\u0146\u0113muma nosaukumu, e-pasta adresi, t\u0101lru\u0146a numuru un jebk\u0101du citu inform\u0101ciju, ko sniedzat, sazinoties ar mums vai pieprasot m\u016bsu pakalpojumus.<\/p>\n<p><strong>Ne-personiska inform\u0101cija:<\/strong> M\u0113s varam v\u0101kt tehnisko inform\u0101ciju, piem\u0113ram, j\u016bsu IP adresi, p\u0101rl\u016bkprogrammas veidu un lieto\u0161anas datus, lai uzlabotu m\u016bsu vietnes darb\u012bbu un lietot\u0101ju pieredzi.<\/p><\/div><style>.ld_fancy_heading_69df257b19ae3 h3 {font-weight:600; } .ld_fancy_heading_69df257b19ae3 .lqd-highlight-inner{height:0.275em!important;bottom:0px!important;}.ld_fancy_heading_69df257b19ae3 h3 {font-weight:600; } <\/style><div class=\"ld-fancy-heading ld_fancy_heading_69df257b19ae3\">\n\t<h3 class=\"ld-fh-element lqd-highlight-underline lqd-highlight-grow-left text-decoration-default\"   >  2. K\u0101 m\u0113s izmantojam j\u016bsu inform\u0101ciju<\/h3><\/div><style>.ld_fancy_heading_69df257b19d34 .lqd-highlight-inner{height:0.275em!important;bottom:0px!important;}<\/style><div class=\"ld-fancy-heading ld_fancy_heading_69df257b19d34\">\n\t<p class=\"ld-fh-element lqd-highlight-underline lqd-highlight-grow-left text-decoration-default\"   >  M\u0113s izmantojam sav\u0101ktos datus, lai:<\/p>\n<ul>\n<li>Nodro\u0161in\u0101tu m\u016bsu in\u017eeniertehniskos risin\u0101jumus un pakalpojumus;<\/li>\n<li>Atbild\u0113tu uz piepras\u012bjumiem un sniegtu atbalstu m\u016bsu partneriem un klientiem;<\/li>\n<li>Nos\u016bt\u012btu atbilsto\u0161us projektu tendences, jaunumus vai tehniskos materi\u0101lus, ja esat piekritis tos sa\u0146emt;<\/li>\n<li>Analiz\u0113tu vietnes datpl\u016bsmu un uzlabotu m\u016bsu tie\u0161saistes pakalpojumus un pied\u0101v\u0101jumus.<\/li>\n<\/ul>\n<p><\/p><\/div><style>.ld_fancy_heading_69df257b1a00a h3 {font-weight:600; } .ld_fancy_heading_69df257b1a00a .lqd-highlight-inner{height:0.275em!important;bottom:0px!important;}.ld_fancy_heading_69df257b1a00a h3 {font-weight:600; } <\/style><div class=\"ld-fancy-heading ld_fancy_heading_69df257b1a00a\">\n\t<h3 class=\"ld-fh-element lqd-highlight-underline lqd-highlight-grow-left text-decoration-default\"   >  3. S\u012bkdatnes<\/h3><\/div><style>.ld_fancy_heading_69df257b1a250 p {margin-bottom:1.5em !important;  } .ld_fancy_heading_69df257b1a250 .lqd-highlight-inner{height:0.275em!important;bottom:0px!important;}.ld_fancy_heading_69df257b1a250 p {margin-bottom:1.5em !important;  } <\/style><div class=\"ld-fancy-heading ld_fancy_heading_69df257b1a250\">\n\t<p class=\"ld-fh-element lqd-highlight-underline lqd-highlight-grow-left text-decoration-default\"   >  M\u016bsu vietne izmanto s\u012bkdatnes, lai uzlabotu j\u016bsu p\u0101rl\u016bko\u0161anas pieredzi. S\u012bkdatnes ir nelieli teksta faili, kas tiek saglab\u0101ti j\u016bsu ier\u012bc\u0113 un pal\u012bdz mums atpaz\u012bt atk\u0101rtotus apmekl\u0113t\u0101jus, sekot vi\u0146u v\u0113lm\u0113m un analiz\u0113t vietnes lieto\u0161anas paradumus. J\u016bs varat main\u012bt savus p\u0101rl\u016bkprogrammas iestat\u012bjumus, lai atteiktos no s\u012bkdatn\u0113m, ta\u010du tas var ietekm\u0113t noteiktas vietnes funkcijas.<\/p><\/div><style>.ld_fancy_heading_69df257b1a4cb h3 {font-weight:600; } .ld_fancy_heading_69df257b1a4cb .lqd-highlight-inner{height:0.275em!important;bottom:0px!important;}.ld_fancy_heading_69df257b1a4cb h3 {font-weight:600; } <\/style><div class=\"ld-fancy-heading ld_fancy_heading_69df257b1a4cb\">\n\t<h3 class=\"ld-fh-element lqd-highlight-underline lqd-highlight-grow-left text-decoration-default\"   >  4. Datu dro\u0161\u012bba<\/h3><\/div><style>.ld_fancy_heading_69df257b1a714 p {margin-bottom:1.5em !important;  } .ld_fancy_heading_69df257b1a714 .lqd-highlight-inner{height:0.275em!important;bottom:0px!important;}.ld_fancy_heading_69df257b1a714 p {margin-bottom:1.5em !important;  } <\/style><div class=\"ld-fancy-heading ld_fancy_heading_69df257b1a714\">\n\t<p class=\"ld-fh-element lqd-highlight-underline lqd-highlight-grow-left text-decoration-default\"   >  SIA &#8220;Juneka Mont\u0101\u017ea&#8221; veic sapr\u0101t\u012bgus pas\u0101kumus, lai aizsarg\u0101tu j\u016bsu personas inform\u0101ciju no nesankcion\u0113tas piek\u013cuves, izpau\u0161anas, izmai\u0146\u0101m vai izn\u012bcin\u0101\u0161anas. Tom\u0113r l\u016bdzu \u0146emt v\u0113r\u0101, ka neviena datu p\u0101rs\u016bt\u012b\u0161anas vai glab\u0101\u0161anas metode internet\u0101 nav piln\u012bgi dro\u0161a, un m\u0113s nevaram garant\u0113t absol\u016btu aizsardz\u012bbu.<\/p><\/div><style>.ld_fancy_heading_69df257b1a975 h3 {font-weight:600; } .ld_fancy_heading_69df257b1a975 .lqd-highlight-inner{height:0.275em!important;bottom:0px!important;}.ld_fancy_heading_69df257b1a975 h3 {font-weight:600; } <\/style><div class=\"ld-fancy-heading ld_fancy_heading_69df257b1a975\">\n\t<h3 class=\"ld-fh-element lqd-highlight-underline lqd-highlight-grow-left text-decoration-default\"   >  5. Tre\u0161o pu\u0161u saites<\/h3><\/div><style>.ld_fancy_heading_69df257b1abb2 p {margin-bottom:1.5em !important;  } .ld_fancy_heading_69df257b1abb2 .lqd-highlight-inner{height:0.275em!important;bottom:0px!important;}.ld_fancy_heading_69df257b1abb2 p {margin-bottom:1.5em !important;  } <\/style><div class=\"ld-fancy-heading ld_fancy_heading_69df257b1abb2\">\n\t<p class=\"ld-fh-element lqd-highlight-underline lqd-highlight-grow-left text-decoration-default\"   >  M\u016bsu vietn\u0113 var b\u016bt saites uz tre\u0161o pu\u0161u vietn\u0113m. SIA &#8220;Juneka Mont\u0101\u017ea&#8221; neatbild par \u0161o \u0101r\u0113jo viet\u0146u priv\u0101tuma politik\u0101m vai saturu. M\u0113s iesak\u0101m jums iepaz\u012bties ar jebkuras apmekl\u0113t\u0101s tre\u0161\u0101s puses vietnes priv\u0101tuma politiku.<\/p><\/div><style>.ld_fancy_heading_69df257b1adaf h3 {font-weight:600; } .ld_fancy_heading_69df257b1adaf .lqd-highlight-inner{height:0.275em!important;bottom:0px!important;}.ld_fancy_heading_69df257b1adaf h3 {font-weight:600; } <\/style><div class=\"ld-fancy-heading ld_fancy_heading_69df257b1adaf\">\n\t<h3 class=\"ld-fh-element lqd-highlight-underline lqd-highlight-grow-left text-decoration-default\"   >  6. J\u016bsu ties\u012bbas<\/h3><\/div><style>.ld_fancy_heading_69df257b1af90 p {margin-bottom:1.5em !important;  } .ld_fancy_heading_69df257b1af90 .lqd-highlight-inner{height:0.275em!important;bottom:0px!important;}.ld_fancy_heading_69df257b1af90 p {margin-bottom:1.5em !important;  } <\/style><div class=\"ld-fancy-heading ld_fancy_heading_69df257b1af90\">\n\t<p class=\"ld-fh-element lqd-highlight-underline lqd-highlight-grow-left text-decoration-default\"   >  Jums ir \u0161\u0101das ties\u012bbas attiec\u012bb\u0101 uz j\u016bsu personas datiem:<\/p>\n<ul>\n<li>Piek\u013c\u016bt un p\u0101rskat\u012bt m\u016bsu apkopoto inform\u0101ciju par jums;<\/li>\n<li>Piepras\u012bt inform\u0101cijas labo\u0161anu vai atjaunin\u0101\u0161anu;<\/li>\n<li>Piepras\u012bt savu datu dz\u0113\u0161anu, ja tas ir piem\u0113rojams;<\/li>\n<li>Atteikties no m\u0101rketinga pazi\u0146ojumu sa\u0146em\u0161anas.<\/li>\n<\/ul>\n<p><\/p><\/div><style>.ld_fancy_heading_69df257b1b25c p {margin-bottom:1.5em !important;  } .ld_fancy_heading_69df257b1b25c .lqd-highlight-inner{height:0.275em!important;bottom:0px!important;}.ld_fancy_heading_69df257b1b25c p {margin-bottom:1.5em !important;  } <\/style><div class=\"ld-fancy-heading ld_fancy_heading_69df257b1b25c\">\n\t<p class=\"ld-fh-element lqd-highlight-underline lqd-highlight-grow-left text-decoration-default\"   >  Ja v\u0113laties izmantot k\u0101du no \u0161\u012bm ties\u012bb\u0101m, l\u016bdzu, sazinieties ar mums pa e-pastu <a href=\"mailto:info@junekamontaza.lv\" target=\"_blank\" rel=\"noopener\">info@junekamontaza.lv<\/a>.<\/p><\/div><style>.ld_fancy_heading_69df257b1b4eb h3 {font-weight:600; } .ld_fancy_heading_69df257b1b4eb .lqd-highlight-inner{height:0.275em!important;bottom:0px!important;}.ld_fancy_heading_69df257b1b4eb h3 {font-weight:600; } <\/style><div class=\"ld-fancy-heading ld_fancy_heading_69df257b1b4eb\">\n\t<h3 class=\"ld-fh-element lqd-highlight-underline lqd-highlight-grow-left text-decoration-default\"   >  7. Datu glab\u0101\u0161ana<\/h3><\/div><style>.ld_fancy_heading_69df257b1b728 p {margin-bottom:1.5em !important;  } .ld_fancy_heading_69df257b1b728 .lqd-highlight-inner{height:0.275em!important;bottom:0px!important;}.ld_fancy_heading_69df257b1b728 p {margin-bottom:1.5em !important;  } <\/style><div class=\"ld-fancy-heading ld_fancy_heading_69df257b1b728\">\n\t<p class=\"ld-fh-element lqd-highlight-underline lqd-highlight-grow-left text-decoration-default\"   >  M\u0113s glab\u0101jam personas inform\u0101ciju tikai tik ilgi, cik nepiecie\u0161ams \u0161aj\u0101 politik\u0101 noteiktajiem m\u0113r\u0137iem, ja vien likums nepieprasa vai neat\u013cauj ilg\u0101ku glab\u0101\u0161anas periodu.<\/p><\/div><style>.ld_fancy_heading_69df257b1b970 h3 {font-weight:600; } .ld_fancy_heading_69df257b1b970 .lqd-highlight-inner{height:0.275em!important;bottom:0px!important;}.ld_fancy_heading_69df257b1b970 h3 {font-weight:600; } <\/style><div class=\"ld-fancy-heading ld_fancy_heading_69df257b1b970\">\n\t<h3 class=\"ld-fh-element lqd-highlight-underline lqd-highlight-grow-left text-decoration-default\"   >  8. Izmai\u0146as \u0161aj\u0101 politik\u0101<\/h3><\/div><style>.ld_fancy_heading_69df257b1bba7 p {margin-bottom:1.5em !important;  } .ld_fancy_heading_69df257b1bba7 .lqd-highlight-inner{height:0.275em!important;bottom:0px!important;}.ld_fancy_heading_69df257b1bba7 p {margin-bottom:1.5em !important;  } <\/style><div class=\"ld-fancy-heading ld_fancy_heading_69df257b1bba7\">\n\t<p class=\"ld-fh-element lqd-highlight-underline lqd-highlight-grow-left text-decoration-default\"   >  M\u0113s laiku pa laikam varam atjaunin\u0101t \u0161o Priv\u0101tuma politiku. Visas izmai\u0146as tiks public\u0113tas \u0161aj\u0101 lap\u0101 ar nor\u0101d\u012btu atjaunin\u0101\u0161anas datumu. M\u0113s iesak\u0101m periodiski p\u0101rskat\u012bt \u0161o lapu, lai uzzin\u0101tu, k\u0101 m\u0113s aizsarg\u0101jam j\u016bsu inform\u0101ciju.<\/p><\/div><style>.ld_fancy_heading_69df257b1bde8 h3 {font-weight:600; } .ld_fancy_heading_69df257b1bde8 .lqd-highlight-inner{height:0.275em!important;bottom:0px!important;}.ld_fancy_heading_69df257b1bde8 h3 {font-weight:600; } <\/style><div class=\"ld-fancy-heading ld_fancy_heading_69df257b1bde8\">\n\t<h3 class=\"ld-fh-element lqd-highlight-underline lqd-highlight-grow-left text-decoration-default\"   >  9. Sazinieties ar mums<\/h3><\/div><style>.ld_fancy_heading_69df257b1c025 .lqd-highlight-inner{height:0.275em!important;bottom:0px!important;}<\/style><div class=\"ld-fancy-heading ld_fancy_heading_69df257b1c025\">\n\t<p class=\"ld-fh-element lqd-highlight-underline lqd-highlight-grow-left text-decoration-default\"   >  Ja jums ir k\u0101di jaut\u0101jumi vai ba\u017eas par \u0161o Priv\u0101tuma politiku vai v\u0113laties izmantot savas ties\u012bbas, l\u016bdzu, sazinieties ar mums pa e-pastu <a href=\"mailto:info@junekamontaza.lv\" target=\"_blank\" rel=\"noopener\">info@junekamontaza.lv<\/a>.<\/p><\/div><\/div><\/div><\/div><\/div><\/div><\/section>","protected":false},"excerpt":{"rendered":"Priv\u0101tuma politika SIA \"Juneka Mont\u0101\u017ea\" augstu v\u0113rt\u0113 j\u016bsu priv\u0101tumu un ir ap\u0146\u0113mies aizsarg\u0101t j\u016bsu sniegto personas datu inform\u0101ciju. \u0160\u012b Priv\u0101tuma politika izskaidro, k\u0101 m\u0113s v\u0101cam, izmantojam un aizsarg\u0101jam j\u016bsu datus, kad apmekl\u0113jat m\u016bsu vietni vai izmantojat m\u016bsu pakalpojumus. 1. Inform\u0101cija, ko m\u0113s apstr\u0101d\u0101jam M\u0113s varam apkopot \u0161\u0101dus inform\u0101cijas veidus: Personas inform\u0101cija: Tas ietver j\u016bsu v\u0101rdu, [...]","protected":false},"author":1,"featured_media":0,"parent":0,"menu_order":0,"comment_status":"closed","ping_status":"open","template":"","meta":{"footnotes":""},"class_list":["post-3","page","type-page","status-publish","hentry"],"yoast_head":"<!-- This site is optimized with the Yoast SEO plugin v26.3 - https:\/\/yoast.com\/wordpress\/plugins\/seo\/ -->\n<title>Priv\u0101tuma politika - Juneka Mont\u0101\u017ea<\/title>\n<meta name=\"robots\" content=\"index, follow, max-snippet:-1, max-image-preview:large, max-video-preview:-1\" \/>\n<link rel=\"canonical\" href=\"https:\/\/junekamontaza.lv\/ru\/privatuma-politika\/\" \/>\n<meta property=\"og:locale\" content=\"ru_RU\" \/>\n<meta property=\"og:type\" content=\"article\" \/>\n<meta property=\"og:title\" content=\"Priv\u0101tuma politika - Juneka Mont\u0101\u017ea\" \/>\n<meta property=\"og:url\" content=\"https:\/\/junekamontaza.lv\/ru\/privatuma-politika\/\" \/>\n<meta property=\"og:site_name\" content=\"Juneka Mont\u0101\u017ea\" \/>\n<meta property=\"article:modified_time\" content=\"2025-02-21T10:49:35+00:00\" \/>\n<meta name=\"twitter:card\" content=\"summary_large_image\" \/>\n<meta name=\"twitter:label1\" content=\"\u041f\u0440\u0438\u043c\u0435\u0440\u043d\u043e\u0435 \u0432\u0440\u0435\u043c\u044f \u0434\u043b\u044f \u0447\u0442\u0435\u043d\u0438\u044f\" \/>\n\t<meta name=\"twitter:data1\" content=\"3 \u043c\u0438\u043d\u0443\u0442\u044b\" \/>\n<script type=\"application\/ld+json\" class=\"yoast-schema-graph\">{\"@context\":\"https:\/\/schema.org\",\"@graph\":[{\"@type\":\"WebPage\",\"@id\":\"https:\/\/junekamontaza.lv\/privatuma-politika\/\",\"url\":\"https:\/\/junekamontaza.lv\/privatuma-politika\/\",\"name\":\"Priv\u0101tuma politika - Juneka Mont\u0101\u017ea\",\"isPartOf\":{\"@id\":\"https:\/\/junekamontaza.lv\/#website\"},\"datePublished\":\"2025-01-29T15:59:17+00:00\",\"dateModified\":\"2025-02-21T10:49:35+00:00\",\"breadcrumb\":{\"@id\":\"https:\/\/junekamontaza.lv\/privatuma-politika\/#breadcrumb\"},\"inLanguage\":\"ru-RU\",\"potentialAction\":[{\"@type\":\"ReadAction\",\"target\":[\"https:\/\/junekamontaza.lv\/privatuma-politika\/\"]}]},{\"@type\":\"BreadcrumbList\",\"@id\":\"https:\/\/junekamontaza.lv\/privatuma-politika\/#breadcrumb\",\"itemListElement\":[{\"@type\":\"ListItem\",\"position\":1,\"name\":\"Home\",\"item\":\"https:\/\/junekamontaza.lv\/\"},{\"@type\":\"ListItem\",\"position\":2,\"name\":\"Priv\u0101tuma politika\"}]},{\"@type\":\"WebSite\",\"@id\":\"https:\/\/junekamontaza.lv\/#website\",\"url\":\"https:\/\/junekamontaza.lv\/\",\"name\":\"Juneka Mont\u0101\u017ea\",\"description\":\"Inovat\u012bvi un prec\u012bzi in\u017eeniertehniskie risin\u0101jumi\",\"potentialAction\":[{\"@type\":\"SearchAction\",\"target\":{\"@type\":\"EntryPoint\",\"urlTemplate\":\"https:\/\/junekamontaza.lv\/?s={search_term_string}\"},\"query-input\":{\"@type\":\"PropertyValueSpecification\",\"valueRequired\":true,\"valueName\":\"search_term_string\"}}],\"inLanguage\":\"ru-RU\"}]}<\/script>\n<!-- \/ Yoast SEO plugin. -->","yoast_head_json":{"title":"Priv\u0101tuma politika - Juneka Mont\u0101\u017ea","robots":{"index":"index","follow":"follow","max-snippet":"max-snippet:-1","max-image-preview":"max-image-preview:large","max-video-preview":"max-video-preview:-1"},"canonical":"https:\/\/junekamontaza.lv\/ru\/privatuma-politika\/","og_locale":"ru_RU","og_type":"article","og_title":"Priv\u0101tuma politika - Juneka Mont\u0101\u017ea","og_url":"https:\/\/junekamontaza.lv\/ru\/privatuma-politika\/","og_site_name":"Juneka Mont\u0101\u017ea","article_modified_time":"2025-02-21T10:49:35+00:00","twitter_card":"summary_large_image","twitter_misc":{"\u041f\u0440\u0438\u043c\u0435\u0440\u043d\u043e\u0435 \u0432\u0440\u0435\u043c\u044f \u0434\u043b\u044f \u0447\u0442\u0435\u043d\u0438\u044f":"3 \u043c\u0438\u043d\u0443\u0442\u044b"},"schema":{"@context":"https:\/\/schema.org","@graph":[{"@type":"WebPage","@id":"https:\/\/junekamontaza.lv\/privatuma-politika\/","url":"https:\/\/junekamontaza.lv\/privatuma-politika\/","name":"Priv\u0101tuma politika - Juneka Mont\u0101\u017ea","isPartOf":{"@id":"https:\/\/junekamontaza.lv\/#website"},"datePublished":"2025-01-29T15:59:17+00:00","dateModified":"2025-02-21T10:49:35+00:00","breadcrumb":{"@id":"https:\/\/junekamontaza.lv\/privatuma-politika\/#breadcrumb"},"inLanguage":"ru-RU","potentialAction":[{"@type":"ReadAction","target":["https:\/\/junekamontaza.lv\/privatuma-politika\/"]}]},{"@type":"BreadcrumbList","@id":"https:\/\/junekamontaza.lv\/privatuma-politika\/#breadcrumb","itemListElement":[{"@type":"ListItem","position":1,"name":"Home","item":"https:\/\/junekamontaza.lv\/"},{"@type":"ListItem","position":2,"name":"Priv\u0101tuma politika"}]},{"@type":"WebSite","@id":"https:\/\/junekamontaza.lv\/#website","url":"https:\/\/junekamontaza.lv\/","name":"Juneka Mont\u0101\u017ea","description":"\u0418\u043d\u043d\u043e\u0432\u0430\u0446\u0438\u043e\u043d\u043d\u044b\u0435 \u0438 \u0442\u043e\u0447\u043d\u044b\u0435 \u0438\u043d\u0436\u0435\u043d\u0435\u0440\u043d\u044b\u0435 \u0440\u0435\u0448\u0435\u043d\u0438\u044f","potentialAction":[{"@type":"SearchAction","target":{"@type":"EntryPoint","urlTemplate":"https:\/\/junekamontaza.lv\/?s={search_term_string}"},"query-input":{"@type":"PropertyValueSpecification","valueRequired":true,"valueName":"search_term_string"}}],"inLanguage":"ru-RU"}]}},"_links":{"self":[{"href":"https:\/\/junekamontaza.lv\/ru\/wp-json\/wp\/v2\/pages\/3","targetHints":{"allow":["GET"]}}],"collection":[{"href":"https:\/\/junekamontaza.lv\/ru\/wp-json\/wp\/v2\/pages"}],"about":[{"href":"https:\/\/junekamontaza.lv\/ru\/wp-json\/wp\/v2\/types\/page"}],"author":[{"embeddable":true,"href":"https:\/\/junekamontaza.lv\/ru\/wp-json\/wp\/v2\/users\/1"}],"replies":[{"embeddable":true,"href":"https:\/\/junekamontaza.lv\/ru\/wp-json\/wp\/v2\/comments?post=3"}],"version-history":[{"count":14,"href":"https:\/\/junekamontaza.lv\/ru\/wp-json\/wp\/v2\/pages\/3\/revisions"}],"predecessor-version":[{"id":815,"href":"https:\/\/junekamontaza.lv\/ru\/wp-json\/wp\/v2\/pages\/3\/revisions\/815"}],"wp:attachment":[{"href":"https:\/\/junekamontaza.lv\/ru\/wp-json\/wp\/v2\/media?parent=3"}],"curies":[{"name":"wp","href":"https:\/\/api.w.org\/{rel}","templated":true}]}}